{"id":3,"date":"2023-04-22T11:36:15","date_gmt":"2023-04-22T09:36:15","guid":{"rendered":"http:\/\/wordpress.rantego.com\/?page_id=3"},"modified":"2023-10-27T10:30:28","modified_gmt":"2023-10-27T08:30:28","slug":"datenschutzerklaerung","status":"publish","type":"page","link":"https:\/\/wir-immer-in-bewegung.de\/?page_id=3","title":{"rendered":"Datenschutzerkl\u00e4rung"},"content":{"rendered":"\t\t<div data-elementor-type=\"wp-page\" data-elementor-id=\"3\" class=\"elementor elementor-3\">\n\t\t\t\t\t\t<section class=\"elementor-section elementor-top-section elementor-element elementor-element-6f2ce2f2 elementor-section-boxed elementor-section-height-default elementor-section-height-default\" data-id=\"6f2ce2f2\" data-element_type=\"section\">\n\t\t\t\t\t\t<div class=\"elementor-container elementor-column-gap-default\">\n\t\t\t\t\t<div class=\"elementor-column elementor-col-100 elementor-top-column elementor-element elementor-element-531bb0a7\" data-id=\"531bb0a7\" data-element_type=\"column\">\n\t\t\t<div class=\"elementor-widget-wrap elementor-element-populated\">\n\t\t\t\t\t\t<div class=\"elementor-element elementor-element-173d39f4 elementor-widget elementor-widget-text-editor\" data-id=\"173d39f4\" data-element_type=\"widget\" data-widget_type=\"text-editor.default\">\n\t\t\t\t<div class=\"elementor-widget-container\">\n\t\t\t<style>\/*! elementor - v3.19.0 - 07-02-2024 *\/\n.elementor-widget-text-editor.elementor-drop-cap-view-stacked .elementor-drop-cap{background-color:#69727d;color:#fff}.elementor-widget-text-editor.elementor-drop-cap-view-framed .elementor-drop-cap{color:#69727d;border:3px solid;background-color:transparent}.elementor-widget-text-editor:not(.elementor-drop-cap-view-default) .elementor-drop-cap{margin-top:8px}.elementor-widget-text-editor:not(.elementor-drop-cap-view-default) .elementor-drop-cap-letter{width:1em;height:1em}.elementor-widget-text-editor .elementor-drop-cap{float:left;text-align:center;line-height:1;font-size:50px}.elementor-widget-text-editor .elementor-drop-cap-letter{display:inline-block}<\/style>\t\t\t\t<p><strong>Datenschutzerkl\u00e4rung: <\/strong><\/p>\n<p><strong>Wer wir sind<\/strong><\/p>\n<p>Die Adresse unserer Webseite lautet: https:\/\/wir-immer-in-bewegung.de.<\/p>\n<p><strong>Welche pers\u00f6nlichen Daten wir sammeln und warum<\/strong><\/p>\n<p><strong>Kommentare<\/strong><\/p>\n<p>Wir verzichten auf die Kommentarfunktion und die Erhebung irgendwelcher pers\u00f6nlichen Daten \u00fcber Kontaktformulare.<\/p>\n<p>Wenn Sie mit uns in Kontakt treten wollen, k\u00f6nnen Sie uns nur ein Email senden. Die dabei eingegebenen Daten werden abseits dieser Webseite gespeichert, werden aber auf Verlangen selbstverst\u00e4ndlich gel\u00f6scht.<\/p>\n<p><strong>Cookies<\/strong><\/p>\n<p>Wir verwenden nur die notwendigsten Cookies (Session Cookies) die f\u00fcr den Besuch der Webseite notwendig sind und nicht abgelehnt werden k\u00f6nnen.<\/p>\n<p><strong>Zugriffsdaten<\/strong><\/p>\n<p>Wir, der Websitebetreiber bzw. Seitenprovider, erheben aufgrund unseres berechtigten Interesses (s. Art. 6 Abs. 1 lit. f. DSGVO) Daten \u00fcber Zugriffe auf die Website und speichern diese als \u201eServer-Logfiles\u201c auf dem Server der Website ab. Folgende Daten werden so protokolliert:<\/p>\n<ul>\n<li>Remote IP<\/li>\n<li>Remote Identit\u00e4t<\/li>\n<li>Remote User<\/li>\n<li>Dauer des Requests<\/li>\n<li>First Line of Request (aka was wird angefragt)<\/li>\n<li>Status des Requests<\/li>\n<li>\u00dcbertragene Daten (Volumen)<\/li>\n<li>Referrer<\/li>\n<li>Useragent<\/li>\n<\/ul>\n<p>Die Server-Logfiles werden f\u00fcr maximal 14 Tage gespeichert und anschlie\u00dfend gel\u00f6scht. Die Speicherung der Daten erfolgt aus Sicherheitsgr\u00fcnden, um z. B. Missbrauchsf\u00e4lle aufkl\u00e4ren zu k\u00f6nnen. M\u00fcssen Daten aus Beweisgr\u00fcnden aufgehoben werden, sind sie solange von der L\u00f6schung ausgenommen bis der Vorfall endg\u00fcltig gekl\u00e4rt ist. Reichweitenmessung &amp; Cookies. Diese Website verwendet Cookies zur pseudonymisierten Reichweitenmessung, die entweder von unserem Server oder dem Server Dritter an den Browser des Nutzers Muster von datenschutz.org \u00fcbertragen werden. Bei Cookies handelt es sich um kleine Dateien, welche auf Ihrem Endger\u00e4t gespeichert werden. Ihr Browser greift auf diese Dateien zu. Durch den Einsatz von Cookies erh\u00f6ht sich die Benutzerfreundlichkeit und Sicherheit dieser Website.<br \/>Falls Sie nicht m\u00f6chten, dass Cookies zur Reichweitenmessung auf Ihrem Endger\u00e4t gespeichert werden, k\u00f6nnen Sie dem Einsatz dieser Dateien hier widersprechen:<\/p>\n<ul>\n<li>Cookie-Deaktivierungsseite der Netzwerkwerbeinitiative: http:\/\/optout.networkadvertising.org\/?c=1#!\/<\/li>\n<li>Cookie-Deaktivierungsseite der US-amerikanischen Website: http:\/\/optout.aboutads.info\/?c=2#!\/<\/li>\n<li>Cookie-Deaktivierungsseite der europ\u00e4ischen Website: http:\/\/optout.networkadvertising.org\/?c=1#!\/<\/li>\n<\/ul>\n<p>G\u00e4ngige Browser bieten die Einstellungsoption, Cookies nicht zuzulassen. Hinweis: Es ist nicht gew\u00e4hrleistet, dass Sie auf alle Funktionen dieser Website ohne Einschr\u00e4nkungen zugreifen k\u00f6nnen, wenn Sie entsprechende Einstellungen vornehmen.<\/p>\t\t\t\t\t\t<\/div>\n\t\t\t\t<\/div>\n\t\t\t\t\t<\/div>\n\t\t<\/div>\n\t\t\t\t\t<\/div>\n\t\t<\/section>\n\t\t\t\t<\/div>\n\t\t","protected":false},"excerpt":{"rendered":"<p>Datenschutzerkl\u00e4rung: Wer wir sind Die Adresse unserer Webseite lautet: https:\/\/wir-immer-in-bewegung.de. Welche pers\u00f6nlichen Daten wir sammeln und warum Kommentare Wir verzichten auf die Kommentarfunktion und die Erhebung irgendwelcher pers\u00f6nlichen Daten \u00fcber Kontaktformulare. Wenn Sie mit uns in Kontakt treten wollen, k\u00f6nnen Sie uns nur ein Email senden. Die dabei eingegebenen Daten werden abseits dieser Webseite gespeichert, &hellip; <\/p>\n<p class=\"link-more\"><a href=\"https:\/\/wir-immer-in-bewegung.de\/?page_id=3\" class=\"more-link\"><span class=\"screen-reader-text\">\u201eDatenschutzerkl\u00e4rung\u201c<\/span> weiterlesen<\/a><\/p>\n","protected":false},"author":1,"featured_media":0,"parent":0,"menu_order":0,"comment_status":"closed","ping_status":"open","template":"","meta":{"footnotes":""},"_links":{"self":[{"href":"https:\/\/wir-immer-in-bewegung.de\/index.php?rest_route=\/wp\/v2\/pages\/3"}],"collection":[{"href":"https:\/\/wir-immer-in-bewegung.de\/index.php?rest_route=\/wp\/v2\/pages"}],"about":[{"href":"https:\/\/wir-immer-in-bewegung.de\/index.php?rest_route=\/wp\/v2\/types\/page"}],"author":[{"embeddable":true,"href":"https:\/\/wir-immer-in-bewegung.de\/index.php?rest_route=\/wp\/v2\/users\/1"}],"replies":[{"embeddable":true,"href":"https:\/\/wir-immer-in-bewegung.de\/index.php?rest_route=%2Fwp%2Fv2%2Fcomments&post=3"}],"version-history":[{"count":4,"href":"https:\/\/wir-immer-in-bewegung.de\/index.php?rest_route=\/wp\/v2\/pages\/3\/revisions"}],"predecessor-version":[{"id":180,"href":"https:\/\/wir-immer-in-bewegung.de\/index.php?rest_route=\/wp\/v2\/pages\/3\/revisions\/180"}],"wp:attachment":[{"href":"https:\/\/wir-immer-in-bewegung.de\/index.php?rest_route=%2Fwp%2Fv2%2Fmedia&parent=3"}],"curies":[{"name":"wp","href":"https:\/\/api.w.org\/{rel}","templated":true}]}}