{"id":10,"date":"2023-08-29T17:28:50","date_gmt":"2023-08-29T15:28:50","guid":{"rendered":"https:\/\/wordpress.rantego.com\/?page_id=10"},"modified":"2023-11-02T21:57:55","modified_gmt":"2023-11-02T20:57:55","slug":"startseite","status":"publish","type":"page","link":"https:\/\/wir-immer-in-bewegung.de\/","title":{"rendered":"warum?&#8230;..weil&#8217;s Spa\u00df macht und gut tut!!"},"content":{"rendered":"\n<p><\/p>\n\n\n<p>Ja, es gibt sie, die vielen, vielen Gr\u00fcnde (oder besser Ausreden?), weshalb man sich nicht oder zu wenig bewegt: \u201eKeine Zeit wegen Beruf, Familie\u201c, \u201emacht keinen Spa\u00df\u201c, da oder dort tut was weh, \u201ezu anstrengend\u201c, \u201ekeine Lust\u201c \u2013 da lie\u00dfen sich noch einige weitere Gr\u00fcnde finden. Zugegeben, es ist schwer, einen Anfang zu finden und dann auch noch durchhalten. Es geh\u00f6ren eine ganze Portion Eigenantrieb und Entschlossenheit dazu und vor allem die Bereitschaft, sich von so manchen bequemen Gewohnheiten zu verabschieden, sich auf Neues einzulassen, neue Abl\u00e4ufe schaffen und diese auch beizubehalten \u2013 doch sp\u00e4testens dann f\u00e4ngt es an, Spa\u00df zu machen, weil Erfolge sichtbar und vor allem sp\u00fcrbar werden.<\/p>\n<p><em><b>\u201eDas Geheimnis des Erfolgs ist anzufangen\u201c<\/b><\/em><b><br \/><\/b>Mark Twain<\/p>\n<p>&nbsp;<\/p>","protected":false},"excerpt":{"rendered":"<p>Ja, es gibt sie, die vielen, vielen Gr\u00fcnde (oder besser Ausreden?), weshalb man sich nicht oder zu wenig bewegt: \u201eKeine Zeit wegen Beruf, Familie\u201c, \u201emacht keinen Spa\u00df\u201c, da oder dort tut was weh, \u201ezu anstrengend\u201c, \u201ekeine Lust\u201c \u2013 da lie\u00dfen sich noch einige weitere Gr\u00fcnde finden. Zugegeben, es ist schwer, einen Anfang zu finden und &hellip; <\/p>\n<p class=\"link-more\"><a href=\"https:\/\/wir-immer-in-bewegung.de\/\" class=\"more-link\"><span class=\"screen-reader-text\">\u201ewarum?&#8230;..weil&#8217;s Spa\u00df macht und gut tut!!\u201c<\/span> weiterlesen<\/a><\/p>\n","protected":false},"author":1,"featured_media":0,"parent":0,"menu_order":0,"comment_status":"closed","ping_status":"closed","template":"","meta":{"footnotes":""},"_links":{"self":[{"href":"https:\/\/wir-immer-in-bewegung.de\/index.php?rest_route=\/wp\/v2\/pages\/10"}],"collection":[{"href":"https:\/\/wir-immer-in-bewegung.de\/index.php?rest_route=\/wp\/v2\/pages"}],"about":[{"href":"https:\/\/wir-immer-in-bewegung.de\/index.php?rest_route=\/wp\/v2\/types\/page"}],"author":[{"embeddable":true,"href":"https:\/\/wir-immer-in-bewegung.de\/index.php?rest_route=\/wp\/v2\/users\/1"}],"replies":[{"embeddable":true,"href":"https:\/\/wir-immer-in-bewegung.de\/index.php?rest_route=%2Fwp%2Fv2%2Fcomments&post=10"}],"version-history":[{"count":95,"href":"https:\/\/wir-immer-in-bewegung.de\/index.php?rest_route=\/wp\/v2\/pages\/10\/revisions"}],"predecessor-version":[{"id":312,"href":"https:\/\/wir-immer-in-bewegung.de\/index.php?rest_route=\/wp\/v2\/pages\/10\/revisions\/312"}],"wp:attachment":[{"href":"https:\/\/wir-immer-in-bewegung.de\/index.php?rest_route=%2Fwp%2Fv2%2Fmedia&parent=10"}],"curies":[{"name":"wp","href":"https:\/\/api.w.org\/{rel}","templated":true}]}}